{"id":18,"date":"2025-03-02T10:52:28","date_gmt":"2025-03-02T09:52:28","guid":{"rendered":"https:\/\/www.werbungoutdoor.de\/?page_id=18"},"modified":"2025-03-16T15:07:25","modified_gmt":"2025-03-16T14:07:25","slug":"uber-uns","status":"publish","type":"page","link":"https:\/\/www.werbungoutdoor.de\/index.php\/uber-uns\/","title":{"rendered":"\u00dcber Uns"},"content":{"rendered":"\n<p><strong>Werbung Out-Door GmbH<\/strong> ist ein junges Unternehmen, das einzigartige, exklusive und beeindruckende Werbefl\u00e4chen anbietet. Und es w\u00e4chst st\u00e4ndig.<\/p>\n\n\n\n<p>Unser Ziel ist es, f\u00fcr unsere Kunden effektive Ergebnisse zu erzielen, weshalb wir eigene Werbefl\u00e4chen an ausschlie\u00dflich lukrativen Standorten errichten. Zu unseren Dienstleistungen geh\u00f6rt zudem die Beratung bei der Festlegung von Unternehmensstrategien und unterst\u00fctzenden Prozessen im Marketing.<\/p>\n\n\n\n<figure class=\"wp-block-image size-large\"><img loading=\"lazy\" decoding=\"async\" width=\"1024\" height=\"682\" src=\"https:\/\/www.werbungoutdoor.de\/wp-content\/uploads\/2025\/03\/10562692_1631526017064772_4083553618354735600_o-1240x826-2-1024x682.jpg\" alt=\"\" class=\"wp-image-152\" srcset=\"https:\/\/www.werbungoutdoor.de\/wp-content\/uploads\/2025\/03\/10562692_1631526017064772_4083553618354735600_o-1240x826-2-1024x682.jpg 1024w, https:\/\/www.werbungoutdoor.de\/wp-content\/uploads\/2025\/03\/10562692_1631526017064772_4083553618354735600_o-1240x826-2-300x200.jpg 300w, https:\/\/www.werbungoutdoor.de\/wp-content\/uploads\/2025\/03\/10562692_1631526017064772_4083553618354735600_o-1240x826-2-768x512.jpg 768w, https:\/\/www.werbungoutdoor.de\/wp-content\/uploads\/2025\/03\/10562692_1631526017064772_4083553618354735600_o-1240x826-2.jpg 1240w\" sizes=\"auto, (max-width: 1024px) 100vw, 1024px\" \/><\/figure>\n\n\n\n<p>Unsere Priorit\u00e4t ist es, jedem Kunden einen individuellen Ansatz zu bieten. Wir m\u00fcssen uns mit der aktuellen Situation und Atmosph\u00e4re in Ihrem Unternehmen, seiner Position auf dem Markt sowie der bestehenden Konkurrenz vertraut machen. Ebenso m\u00f6chten wir Ihre realen Vorstellungen und Zukunftsaussichten kennenlernen.<\/p>\n\n\n\n<p>In der n\u00e4chsten Phase flie\u00dfen die in der Praxis unserer Agentur gewonnenen Erfahrungen und Erkenntnisse ein, die uns den Weg und die Methode aufgezeigt haben \u2013 und weiterhin aufzeigen \u2013, wie in diesem Gesch\u00e4ftsbereich echter Erfolg erzielt werden kann. Wir streben stets danach, voranzukommen und auch die anspruchsvollsten Aufgaben und W\u00fcnsche unserer Kunden zu erf\u00fcllen, denn Ihr Erfolg ist auch unser Erfolg.<\/p>\n","protected":false},"excerpt":{"rendered":"<p>Werbung Out-Door GmbH ist ein junges Unternehmen, das einzigartige, exklusive und beeindruckende Werbefl\u00e4chen anbietet. Und es w\u00e4chst st\u00e4ndig. Unser Ziel ist es, f\u00fcr unsere Kunden effektive Ergebnisse zu erzielen, weshalb wir eigene Werbefl\u00e4chen an ausschlie\u00dflich lukrativen Standorten errichten. Zu unseren Dienstleistungen geh\u00f6rt zudem die Beratung bei der Festlegung von Unternehmensstrategien und unterst\u00fctzenden Prozessen im Marketing. [&hellip;]<\/p>\n","protected":false},"author":1,"featured_media":0,"parent":0,"menu_order":0,"comment_status":"closed","ping_status":"closed","template":"","meta":{"footnotes":""},"class_list":["post-18","page","type-page","status-publish","hentry"],"_links":{"self":[{"href":"https:\/\/www.werbungoutdoor.de\/index.php\/wp-json\/wp\/v2\/pages\/18","targetHints":{"allow":["GET"]}}],"collection":[{"href":"https:\/\/www.werbungoutdoor.de\/index.php\/wp-json\/wp\/v2\/pages"}],"about":[{"href":"https:\/\/www.werbungoutdoor.de\/index.php\/wp-json\/wp\/v2\/types\/page"}],"author":[{"embeddable":true,"href":"https:\/\/www.werbungoutdoor.de\/index.php\/wp-json\/wp\/v2\/users\/1"}],"replies":[{"embeddable":true,"href":"https:\/\/www.werbungoutdoor.de\/index.php\/wp-json\/wp\/v2\/comments?post=18"}],"version-history":[{"count":3,"href":"https:\/\/www.werbungoutdoor.de\/index.php\/wp-json\/wp\/v2\/pages\/18\/revisions"}],"predecessor-version":[{"id":154,"href":"https:\/\/www.werbungoutdoor.de\/index.php\/wp-json\/wp\/v2\/pages\/18\/revisions\/154"}],"wp:attachment":[{"href":"https:\/\/www.werbungoutdoor.de\/index.php\/wp-json\/wp\/v2\/media?parent=18"}],"curies":[{"name":"wp","href":"https:\/\/api.w.org\/{rel}","templated":true}]}}