{"id":165,"date":"2025-03-16T15:20:36","date_gmt":"2025-03-16T14:20:36","guid":{"rendered":"https:\/\/www.werbungoutdoor.de\/?page_id=165"},"modified":"2025-03-16T15:20:36","modified_gmt":"2025-03-16T14:20:36","slug":"megaboards","status":"publish","type":"page","link":"https:\/\/www.werbungoutdoor.de\/index.php\/megaboards\/","title":{"rendered":"Megaboards"},"content":{"rendered":"\n<p><strong>Megaboards<\/strong> sind die am h\u00e4ufigsten anzutreffenden Werbebauten. Traditionell haben sie die Ma\u00dfe 16 x 9 m oder 20 x 10 m, wodurch sie zu den gr\u00f6\u00dften Werbebauten z\u00e4hlen.<\/p>\n\n\n\n<ul class=\"wp-block-list\">\n<li>Attraktive Standorte in der N\u00e4he von Autobahnen und Schnellstra\u00dfen<\/li>\n\n\n\n<li>Regelm\u00e4\u00dfige Beleuchtung<\/li>\n\n\n\n<li>Hervorragende Sichtbarkeit aus gro\u00dfer Entfernung<\/li>\n<\/ul>\n\n\n\n<div class=\"wp-block-columns is-layout-flex wp-container-core-columns-is-layout-28f84493 wp-block-columns-is-layout-flex\">\n<div class=\"wp-block-column is-layout-flow wp-block-column-is-layout-flow\">\n<figure class=\"wp-block-image size-full\"><img loading=\"lazy\" decoding=\"async\" width=\"1024\" height=\"768\" src=\"https:\/\/www.werbungoutdoor.de\/wp-content\/uploads\/2025\/03\/83bf6a03-90a3-43aa-8259-c3ca62dc1b93-1024x768-1.jpg\" alt=\"\" class=\"wp-image-166\" srcset=\"https:\/\/www.werbungoutdoor.de\/wp-content\/uploads\/2025\/03\/83bf6a03-90a3-43aa-8259-c3ca62dc1b93-1024x768-1.jpg 1024w, https:\/\/www.werbungoutdoor.de\/wp-content\/uploads\/2025\/03\/83bf6a03-90a3-43aa-8259-c3ca62dc1b93-1024x768-1-300x225.jpg 300w, https:\/\/www.werbungoutdoor.de\/wp-content\/uploads\/2025\/03\/83bf6a03-90a3-43aa-8259-c3ca62dc1b93-1024x768-1-768x576.jpg 768w\" sizes=\"auto, (max-width: 1024px) 100vw, 1024px\" \/><\/figure>\n<\/div>\n\n\n\n<div class=\"wp-block-column is-layout-flow wp-block-column-is-layout-flow\">\n<figure class=\"wp-block-image size-full\"><img loading=\"lazy\" decoding=\"async\" width=\"1024\" height=\"768\" src=\"https:\/\/www.werbungoutdoor.de\/wp-content\/uploads\/2025\/03\/ffa9b9c2-e612-4d2f-bede-5a8d0b053f21-1024x768-1.jpg\" alt=\"\" class=\"wp-image-167\" srcset=\"https:\/\/www.werbungoutdoor.de\/wp-content\/uploads\/2025\/03\/ffa9b9c2-e612-4d2f-bede-5a8d0b053f21-1024x768-1.jpg 1024w, https:\/\/www.werbungoutdoor.de\/wp-content\/uploads\/2025\/03\/ffa9b9c2-e612-4d2f-bede-5a8d0b053f21-1024x768-1-300x225.jpg 300w, https:\/\/www.werbungoutdoor.de\/wp-content\/uploads\/2025\/03\/ffa9b9c2-e612-4d2f-bede-5a8d0b053f21-1024x768-1-768x576.jpg 768w\" sizes=\"auto, (max-width: 1024px) 100vw, 1024px\" \/><\/figure>\n<\/div>\n\n\n\n<div class=\"wp-block-column is-layout-flow wp-block-column-is-layout-flow\">\n<figure class=\"wp-block-image size-large\"><img loading=\"lazy\" decoding=\"async\" width=\"1024\" height=\"627\" src=\"https:\/\/www.werbungoutdoor.de\/wp-content\/uploads\/2025\/03\/TT-002-1024x627.jpg\" alt=\"\" class=\"wp-image-168\" srcset=\"https:\/\/www.werbungoutdoor.de\/wp-content\/uploads\/2025\/03\/TT-002-1024x627.jpg 1024w, https:\/\/www.werbungoutdoor.de\/wp-content\/uploads\/2025\/03\/TT-002-300x184.jpg 300w, https:\/\/www.werbungoutdoor.de\/wp-content\/uploads\/2025\/03\/TT-002-768x470.jpg 768w, https:\/\/www.werbungoutdoor.de\/wp-content\/uploads\/2025\/03\/TT-002-1536x941.jpg 1536w, https:\/\/www.werbungoutdoor.de\/wp-content\/uploads\/2025\/03\/TT-002.jpg 2000w\" sizes=\"auto, (max-width: 1024px) 100vw, 1024px\" \/><\/figure>\n<\/div>\n<\/div>\n\n\n\n<div class=\"wp-block-columns is-layout-flex wp-container-core-columns-is-layout-28f84493 wp-block-columns-is-layout-flex\">\n<div class=\"wp-block-column is-layout-flow wp-block-column-is-layout-flow\">\n<figure class=\"wp-block-image size-large\"><img loading=\"lazy\" decoding=\"async\" width=\"1024\" height=\"627\" src=\"https:\/\/www.werbungoutdoor.de\/wp-content\/uploads\/2025\/03\/ZA-002_MBG1-2-1024x627.png\" alt=\"\" class=\"wp-image-169\" srcset=\"https:\/\/www.werbungoutdoor.de\/wp-content\/uploads\/2025\/03\/ZA-002_MBG1-2-1024x627.png 1024w, https:\/\/www.werbungoutdoor.de\/wp-content\/uploads\/2025\/03\/ZA-002_MBG1-2-300x184.png 300w, https:\/\/www.werbungoutdoor.de\/wp-content\/uploads\/2025\/03\/ZA-002_MBG1-2-768x470.png 768w, https:\/\/www.werbungoutdoor.de\/wp-content\/uploads\/2025\/03\/ZA-002_MBG1-2.png 1169w\" sizes=\"auto, (max-width: 1024px) 100vw, 1024px\" \/><\/figure>\n<\/div>\n\n\n\n<div class=\"wp-block-column is-layout-flow wp-block-column-is-layout-flow\">\n<figure class=\"wp-block-image size-large\"><img loading=\"lazy\" decoding=\"async\" width=\"1024\" height=\"627\" src=\"https:\/\/www.werbungoutdoor.de\/wp-content\/uploads\/2025\/03\/mbg07-1024x627.png\" alt=\"\" class=\"wp-image-170\" srcset=\"https:\/\/www.werbungoutdoor.de\/wp-content\/uploads\/2025\/03\/mbg07-1024x627.png 1024w, https:\/\/www.werbungoutdoor.de\/wp-content\/uploads\/2025\/03\/mbg07-300x184.png 300w, https:\/\/www.werbungoutdoor.de\/wp-content\/uploads\/2025\/03\/mbg07-768x470.png 768w, https:\/\/www.werbungoutdoor.de\/wp-content\/uploads\/2025\/03\/mbg07.png 1169w\" sizes=\"auto, (max-width: 1024px) 100vw, 1024px\" \/><\/figure>\n<\/div>\n<\/div>\n","protected":false},"excerpt":{"rendered":"<p>Megaboards sind die am h\u00e4ufigsten anzutreffenden Werbebauten. Traditionell haben sie die Ma\u00dfe 16 x 9 m oder 20 x 10 m, wodurch sie zu den gr\u00f6\u00dften Werbebauten z\u00e4hlen.<\/p>\n","protected":false},"author":1,"featured_media":0,"parent":0,"menu_order":0,"comment_status":"closed","ping_status":"closed","template":"","meta":{"footnotes":""},"class_list":["post-165","page","type-page","status-publish","hentry"],"_links":{"self":[{"href":"https:\/\/www.werbungoutdoor.de\/index.php\/wp-json\/wp\/v2\/pages\/165","targetHints":{"allow":["GET"]}}],"collection":[{"href":"https:\/\/www.werbungoutdoor.de\/index.php\/wp-json\/wp\/v2\/pages"}],"about":[{"href":"https:\/\/www.werbungoutdoor.de\/index.php\/wp-json\/wp\/v2\/types\/page"}],"author":[{"embeddable":true,"href":"https:\/\/www.werbungoutdoor.de\/index.php\/wp-json\/wp\/v2\/users\/1"}],"replies":[{"embeddable":true,"href":"https:\/\/www.werbungoutdoor.de\/index.php\/wp-json\/wp\/v2\/comments?post=165"}],"version-history":[{"count":1,"href":"https:\/\/www.werbungoutdoor.de\/index.php\/wp-json\/wp\/v2\/pages\/165\/revisions"}],"predecessor-version":[{"id":171,"href":"https:\/\/www.werbungoutdoor.de\/index.php\/wp-json\/wp\/v2\/pages\/165\/revisions\/171"}],"wp:attachment":[{"href":"https:\/\/www.werbungoutdoor.de\/index.php\/wp-json\/wp\/v2\/media?parent=165"}],"curies":[{"name":"wp","href":"https:\/\/api.w.org\/{rel}","templated":true}]}}