{"id":155,"date":"2025-03-16T15:15:32","date_gmt":"2025-03-16T14:15:32","guid":{"rendered":"https:\/\/www.werbungoutdoor.de\/?page_id=155"},"modified":"2025-03-16T15:17:06","modified_gmt":"2025-03-16T14:17:06","slug":"fassaden","status":"publish","type":"page","link":"https:\/\/www.werbungoutdoor.de\/index.php\/fassaden\/","title":{"rendered":"Fassaden"},"content":{"rendered":"\n<div class=\"wp-block-columns is-layout-flex wp-container-core-columns-is-layout-28f84493 wp-block-columns-is-layout-flex\">\n<div class=\"wp-block-column is-layout-flow wp-block-column-is-layout-flow\">\n<figure class=\"wp-block-image size-large\"><img loading=\"lazy\" decoding=\"async\" width=\"1024\" height=\"683\" src=\"https:\/\/www.werbungoutdoor.de\/wp-content\/uploads\/2025\/03\/12771663_1696418220575551_8472573505265899983_o-1024x683.jpg\" alt=\"\" class=\"wp-image-156\" srcset=\"https:\/\/www.werbungoutdoor.de\/wp-content\/uploads\/2025\/03\/12771663_1696418220575551_8472573505265899983_o-1024x683.jpg 1024w, https:\/\/www.werbungoutdoor.de\/wp-content\/uploads\/2025\/03\/12771663_1696418220575551_8472573505265899983_o-300x200.jpg 300w, https:\/\/www.werbungoutdoor.de\/wp-content\/uploads\/2025\/03\/12771663_1696418220575551_8472573505265899983_o-768x512.jpg 768w, https:\/\/www.werbungoutdoor.de\/wp-content\/uploads\/2025\/03\/12771663_1696418220575551_8472573505265899983_o.jpg 1200w\" sizes=\"auto, (max-width: 1024px) 100vw, 1024px\" \/><\/figure>\n<\/div>\n\n\n\n<div class=\"wp-block-column is-layout-flow wp-block-column-is-layout-flow\">\n<figure class=\"wp-block-image size-large\"><img loading=\"lazy\" decoding=\"async\" width=\"1024\" height=\"768\" src=\"https:\/\/www.werbungoutdoor.de\/wp-content\/uploads\/2025\/03\/14290055_1770733063144066_8008261686662510042_o-1240x930-1-1024x768.jpg\" alt=\"\" class=\"wp-image-157\" srcset=\"https:\/\/www.werbungoutdoor.de\/wp-content\/uploads\/2025\/03\/14290055_1770733063144066_8008261686662510042_o-1240x930-1-1024x768.jpg 1024w, https:\/\/www.werbungoutdoor.de\/wp-content\/uploads\/2025\/03\/14290055_1770733063144066_8008261686662510042_o-1240x930-1-300x225.jpg 300w, https:\/\/www.werbungoutdoor.de\/wp-content\/uploads\/2025\/03\/14290055_1770733063144066_8008261686662510042_o-1240x930-1-768x576.jpg 768w, https:\/\/www.werbungoutdoor.de\/wp-content\/uploads\/2025\/03\/14290055_1770733063144066_8008261686662510042_o-1240x930-1.jpg 1240w\" sizes=\"auto, (max-width: 1024px) 100vw, 1024px\" \/><\/figure>\n<\/div>\n\n\n\n<div class=\"wp-block-column is-layout-flow wp-block-column-is-layout-flow\">\n<figure class=\"wp-block-image size-large\"><img loading=\"lazy\" decoding=\"async\" width=\"1024\" height=\"682\" src=\"https:\/\/www.werbungoutdoor.de\/wp-content\/uploads\/2025\/03\/10562692_1631526017064772_4083553618354735600_o-1240x826-3-1024x682.jpg\" alt=\"\" class=\"wp-image-158\" srcset=\"https:\/\/www.werbungoutdoor.de\/wp-content\/uploads\/2025\/03\/10562692_1631526017064772_4083553618354735600_o-1240x826-3-1024x682.jpg 1024w, https:\/\/www.werbungoutdoor.de\/wp-content\/uploads\/2025\/03\/10562692_1631526017064772_4083553618354735600_o-1240x826-3-300x200.jpg 300w, https:\/\/www.werbungoutdoor.de\/wp-content\/uploads\/2025\/03\/10562692_1631526017064772_4083553618354735600_o-1240x826-3-768x512.jpg 768w, https:\/\/www.werbungoutdoor.de\/wp-content\/uploads\/2025\/03\/10562692_1631526017064772_4083553618354735600_o-1240x826-3.jpg 1240w\" sizes=\"auto, (max-width: 1024px) 100vw, 1024px\" \/><\/figure>\n<\/div>\n<\/div>\n\n\n\n<div class=\"wp-block-columns is-layout-flex wp-container-core-columns-is-layout-28f84493 wp-block-columns-is-layout-flex\">\n<div class=\"wp-block-column is-layout-flow wp-block-column-is-layout-flow\">\n<figure class=\"wp-block-image size-large\"><img loading=\"lazy\" decoding=\"async\" width=\"1024\" height=\"433\" src=\"https:\/\/www.werbungoutdoor.de\/wp-content\/uploads\/2025\/03\/1836594_1451997148350994_755530566_o-1240x524-1-1024x433.jpg\" alt=\"\" class=\"wp-image-159\" srcset=\"https:\/\/www.werbungoutdoor.de\/wp-content\/uploads\/2025\/03\/1836594_1451997148350994_755530566_o-1240x524-1-1024x433.jpg 1024w, https:\/\/www.werbungoutdoor.de\/wp-content\/uploads\/2025\/03\/1836594_1451997148350994_755530566_o-1240x524-1-300x127.jpg 300w, https:\/\/www.werbungoutdoor.de\/wp-content\/uploads\/2025\/03\/1836594_1451997148350994_755530566_o-1240x524-1-768x325.jpg 768w, https:\/\/www.werbungoutdoor.de\/wp-content\/uploads\/2025\/03\/1836594_1451997148350994_755530566_o-1240x524-1.jpg 1240w\" sizes=\"auto, (max-width: 1024px) 100vw, 1024px\" \/><\/figure>\n<\/div>\n\n\n\n<div class=\"wp-block-column is-layout-flow wp-block-column-is-layout-flow\">\n<figure class=\"wp-block-image size-large\"><img loading=\"lazy\" decoding=\"async\" width=\"1024\" height=\"576\" src=\"https:\/\/www.werbungoutdoor.de\/wp-content\/uploads\/2025\/03\/26677726_1990127051204665_6852722972027717074_o-1240x698-1-1024x576.jpg\" alt=\"\" class=\"wp-image-160\" srcset=\"https:\/\/www.werbungoutdoor.de\/wp-content\/uploads\/2025\/03\/26677726_1990127051204665_6852722972027717074_o-1240x698-1-1024x576.jpg 1024w, https:\/\/www.werbungoutdoor.de\/wp-content\/uploads\/2025\/03\/26677726_1990127051204665_6852722972027717074_o-1240x698-1-300x169.jpg 300w, https:\/\/www.werbungoutdoor.de\/wp-content\/uploads\/2025\/03\/26677726_1990127051204665_6852722972027717074_o-1240x698-1-768x432.jpg 768w, https:\/\/www.werbungoutdoor.de\/wp-content\/uploads\/2025\/03\/26677726_1990127051204665_6852722972027717074_o-1240x698-1.jpg 1240w\" sizes=\"auto, (max-width: 1024px) 100vw, 1024px\" \/><\/figure>\n<\/div>\n<\/div>\n\n\n\n<figure class=\"wp-block-image size-large\"><img loading=\"lazy\" decoding=\"async\" width=\"1024\" height=\"1024\" src=\"https:\/\/www.werbungoutdoor.de\/wp-content\/uploads\/2025\/03\/f06-1024x1024.png\" alt=\"\" class=\"wp-image-163\" srcset=\"https:\/\/www.werbungoutdoor.de\/wp-content\/uploads\/2025\/03\/f06-1024x1024.png 1024w, https:\/\/www.werbungoutdoor.de\/wp-content\/uploads\/2025\/03\/f06-300x300.png 300w, https:\/\/www.werbungoutdoor.de\/wp-content\/uploads\/2025\/03\/f06-150x150.png 150w, https:\/\/www.werbungoutdoor.de\/wp-content\/uploads\/2025\/03\/f06-768x768.png 768w, https:\/\/www.werbungoutdoor.de\/wp-content\/uploads\/2025\/03\/f06-1536x1536.png 1536w, https:\/\/www.werbungoutdoor.de\/wp-content\/uploads\/2025\/03\/f06.png 1600w\" sizes=\"auto, (max-width: 1024px) 100vw, 1024px\" \/><\/figure>\n\n\n\n<p><strong>Fassaden<\/strong> sind Werbebauten in verschiedenen Gr\u00f6\u00dfen, da sie die Au\u00dfenw\u00e4nde von Geb\u00e4uden nachbilden.<br>Ein gro\u00dfer Vorteil besteht darin, dass sie in den Stadtzentren, an Hauptverkehrsstra\u00dfen oder auf Kundenwunsch in Fu\u00dfg\u00e4ngerzonen positioniert werden.<\/p>\n\n\n\n<ul class=\"wp-block-list\">\n<li>Im Stadtzentrum, in der N\u00e4he der Hauptverkehrsstra\u00dfen oder in Fu\u00dfg\u00e4ngerzonen<\/li>\n\n\n\n<li>Beleuchtung<\/li>\n\n\n\n<li>Verschiedene Gr\u00f6\u00dfen der Werbefl\u00e4che, flexible Gestaltung des Werberaums<\/li>\n<\/ul>\n","protected":false},"excerpt":{"rendered":"<p>Fassaden sind Werbebauten in verschiedenen Gr\u00f6\u00dfen, da sie die Au\u00dfenw\u00e4nde von Geb\u00e4uden nachbilden.Ein gro\u00dfer Vorteil besteht darin, dass sie in den Stadtzentren, an Hauptverkehrsstra\u00dfen oder auf Kundenwunsch in Fu\u00dfg\u00e4ngerzonen positioniert werden.<\/p>\n","protected":false},"author":1,"featured_media":0,"parent":0,"menu_order":0,"comment_status":"closed","ping_status":"closed","template":"","meta":{"footnotes":""},"class_list":["post-155","page","type-page","status-publish","hentry"],"_links":{"self":[{"href":"https:\/\/www.werbungoutdoor.de\/index.php\/wp-json\/wp\/v2\/pages\/155","targetHints":{"allow":["GET"]}}],"collection":[{"href":"https:\/\/www.werbungoutdoor.de\/index.php\/wp-json\/wp\/v2\/pages"}],"about":[{"href":"https:\/\/www.werbungoutdoor.de\/index.php\/wp-json\/wp\/v2\/types\/page"}],"author":[{"embeddable":true,"href":"https:\/\/www.werbungoutdoor.de\/index.php\/wp-json\/wp\/v2\/users\/1"}],"replies":[{"embeddable":true,"href":"https:\/\/www.werbungoutdoor.de\/index.php\/wp-json\/wp\/v2\/comments?post=155"}],"version-history":[{"count":3,"href":"https:\/\/www.werbungoutdoor.de\/index.php\/wp-json\/wp\/v2\/pages\/155\/revisions"}],"predecessor-version":[{"id":164,"href":"https:\/\/www.werbungoutdoor.de\/index.php\/wp-json\/wp\/v2\/pages\/155\/revisions\/164"}],"wp:attachment":[{"href":"https:\/\/www.werbungoutdoor.de\/index.php\/wp-json\/wp\/v2\/media?parent=155"}],"curies":[{"name":"wp","href":"https:\/\/api.w.org\/{rel}","templated":true}]}}