{"id":132,"date":"2025-03-16T14:41:10","date_gmt":"2025-03-16T13:41:10","guid":{"rendered":"https:\/\/www.werbungoutdoor.de\/?page_id=132"},"modified":"2025-03-16T14:41:10","modified_gmt":"2025-03-16T13:41:10","slug":"werbeflachen-druck","status":"publish","type":"page","link":"https:\/\/www.werbungoutdoor.de\/index.php\/werbeflachen-druck\/","title":{"rendered":"Werbefl\u00e4chen-Druck"},"content":{"rendered":"\n<p>Billboards und andere gro\u00dfformatige Werbetafeln tauchen immer h\u00e4ufiger auf und sind eine beliebte Form der Werbung.<br>Es handelt sich um einen gro\u00dfen Werbeaufmacher in Form einer vertikalen Fl\u00e4che, die oft beleuchtet ist.<\/p>\n","protected":false},"excerpt":{"rendered":"<p>Billboards und andere gro\u00dfformatige Werbetafeln tauchen immer h\u00e4ufiger auf und sind eine beliebte Form der Werbung.Es handelt sich um einen gro\u00dfen Werbeaufmacher in Form einer vertikalen Fl\u00e4che, die oft beleuchtet ist.<\/p>\n","protected":false},"author":1,"featured_media":0,"parent":0,"menu_order":0,"comment_status":"closed","ping_status":"closed","template":"","meta":{"footnotes":""},"class_list":["post-132","page","type-page","status-publish","hentry"],"_links":{"self":[{"href":"https:\/\/www.werbungoutdoor.de\/index.php\/wp-json\/wp\/v2\/pages\/132","targetHints":{"allow":["GET"]}}],"collection":[{"href":"https:\/\/www.werbungoutdoor.de\/index.php\/wp-json\/wp\/v2\/pages"}],"about":[{"href":"https:\/\/www.werbungoutdoor.de\/index.php\/wp-json\/wp\/v2\/types\/page"}],"author":[{"embeddable":true,"href":"https:\/\/www.werbungoutdoor.de\/index.php\/wp-json\/wp\/v2\/users\/1"}],"replies":[{"embeddable":true,"href":"https:\/\/www.werbungoutdoor.de\/index.php\/wp-json\/wp\/v2\/comments?post=132"}],"version-history":[{"count":1,"href":"https:\/\/www.werbungoutdoor.de\/index.php\/wp-json\/wp\/v2\/pages\/132\/revisions"}],"predecessor-version":[{"id":133,"href":"https:\/\/www.werbungoutdoor.de\/index.php\/wp-json\/wp\/v2\/pages\/132\/revisions\/133"}],"wp:attachment":[{"href":"https:\/\/www.werbungoutdoor.de\/index.php\/wp-json\/wp\/v2\/media?parent=132"}],"curies":[{"name":"wp","href":"https:\/\/api.w.org\/{rel}","templated":true}]}}