{"id":130,"date":"2025-03-16T14:40:29","date_gmt":"2025-03-16T13:40:29","guid":{"rendered":"https:\/\/www.werbungoutdoor.de\/?page_id=130"},"modified":"2025-03-16T14:40:29","modified_gmt":"2025-03-16T13:40:29","slug":"installation-und-montage","status":"publish","type":"page","link":"https:\/\/www.werbungoutdoor.de\/index.php\/installation-und-montage\/","title":{"rendered":"Installation und Montage"},"content":{"rendered":"\n<p>Der letzte Schritt. Er entscheidet \u00fcber den Gesamteindruck und die Funktionalit\u00e4t des Werbeelements. F\u00fcr eine fachgerechte Installation und Montage ist es notwendig, Profis hinzuzuziehen. Bei ALTOM Reklame sind Sie an der richtigen Adresse. Wir installieren und montieren Leuchtreklamen, Schilder, gro\u00dffl\u00e4chige Werbung, Werbeschriften, Totems, Billboards und vieles mehr.<\/p>\n","protected":false},"excerpt":{"rendered":"<p>Der letzte Schritt. Er entscheidet \u00fcber den Gesamteindruck und die Funktionalit\u00e4t des Werbeelements. F\u00fcr eine fachgerechte Installation und Montage ist es notwendig, Profis hinzuzuziehen. Bei ALTOM Reklame sind Sie an der richtigen Adresse. Wir installieren und montieren Leuchtreklamen, Schilder, gro\u00dffl\u00e4chige Werbung, Werbeschriften, Totems, Billboards und vieles mehr.<\/p>\n","protected":false},"author":1,"featured_media":125,"parent":0,"menu_order":0,"comment_status":"closed","ping_status":"closed","template":"","meta":{"footnotes":""},"class_list":["post-130","page","type-page","status-publish","has-post-thumbnail","hentry"],"_links":{"self":[{"href":"https:\/\/www.werbungoutdoor.de\/index.php\/wp-json\/wp\/v2\/pages\/130","targetHints":{"allow":["GET"]}}],"collection":[{"href":"https:\/\/www.werbungoutdoor.de\/index.php\/wp-json\/wp\/v2\/pages"}],"about":[{"href":"https:\/\/www.werbungoutdoor.de\/index.php\/wp-json\/wp\/v2\/types\/page"}],"author":[{"embeddable":true,"href":"https:\/\/www.werbungoutdoor.de\/index.php\/wp-json\/wp\/v2\/users\/1"}],"replies":[{"embeddable":true,"href":"https:\/\/www.werbungoutdoor.de\/index.php\/wp-json\/wp\/v2\/comments?post=130"}],"version-history":[{"count":1,"href":"https:\/\/www.werbungoutdoor.de\/index.php\/wp-json\/wp\/v2\/pages\/130\/revisions"}],"predecessor-version":[{"id":131,"href":"https:\/\/www.werbungoutdoor.de\/index.php\/wp-json\/wp\/v2\/pages\/130\/revisions\/131"}],"wp:featuredmedia":[{"embeddable":true,"href":"https:\/\/www.werbungoutdoor.de\/index.php\/wp-json\/wp\/v2\/media\/125"}],"wp:attachment":[{"href":"https:\/\/www.werbungoutdoor.de\/index.php\/wp-json\/wp\/v2\/media?parent=130"}],"curies":[{"name":"wp","href":"https:\/\/api.w.org\/{rel}","templated":true}]}}