{"id":123,"date":"2025-03-16T14:39:46","date_gmt":"2025-03-16T13:39:46","guid":{"rendered":"https:\/\/www.werbungoutdoor.de\/?page_id=123"},"modified":"2025-03-16T14:39:46","modified_gmt":"2025-03-16T13:39:46","slug":"offsetdruck","status":"publish","type":"page","link":"https:\/\/www.werbungoutdoor.de\/index.php\/offsetdruck\/","title":{"rendered":"Offsetdruck"},"content":{"rendered":"\n<p>Offset ist derzeit die am h\u00e4ufigsten genutzte und qualitativ hochwertigste Drucktechnik. Mit Hilfe des Offsetdrucks werden nahezu alle Arten von Druckerzeugnissen hergestellt \u2013 von Visitenkarten und Briefpapier bis hin zu Katalogen, Plakaten, Kalendern und B\u00fcchern. Es erm\u00f6glicht den Vollfarbdruck mittels des 4-Farben-Verfahrens CMYK. Mindestauflage: 5000 St\u00fcck.<\/p>\n","protected":false},"excerpt":{"rendered":"<p>Offset ist derzeit die am h\u00e4ufigsten genutzte und qualitativ hochwertigste Drucktechnik. Mit Hilfe des Offsetdrucks werden nahezu alle Arten von Druckerzeugnissen hergestellt \u2013 von Visitenkarten und Briefpapier bis hin zu Katalogen, Plakaten, Kalendern und B\u00fcchern. Es erm\u00f6glicht den Vollfarbdruck mittels des 4-Farben-Verfahrens CMYK. Mindestauflage: 5000 St\u00fcck.<\/p>\n","protected":false},"author":1,"featured_media":124,"parent":0,"menu_order":0,"comment_status":"closed","ping_status":"closed","template":"","meta":{"footnotes":""},"class_list":["post-123","page","type-page","status-publish","has-post-thumbnail","hentry"],"_links":{"self":[{"href":"https:\/\/www.werbungoutdoor.de\/index.php\/wp-json\/wp\/v2\/pages\/123","targetHints":{"allow":["GET"]}}],"collection":[{"href":"https:\/\/www.werbungoutdoor.de\/index.php\/wp-json\/wp\/v2\/pages"}],"about":[{"href":"https:\/\/www.werbungoutdoor.de\/index.php\/wp-json\/wp\/v2\/types\/page"}],"author":[{"embeddable":true,"href":"https:\/\/www.werbungoutdoor.de\/index.php\/wp-json\/wp\/v2\/users\/1"}],"replies":[{"embeddable":true,"href":"https:\/\/www.werbungoutdoor.de\/index.php\/wp-json\/wp\/v2\/comments?post=123"}],"version-history":[{"count":1,"href":"https:\/\/www.werbungoutdoor.de\/index.php\/wp-json\/wp\/v2\/pages\/123\/revisions"}],"predecessor-version":[{"id":129,"href":"https:\/\/www.werbungoutdoor.de\/index.php\/wp-json\/wp\/v2\/pages\/123\/revisions\/129"}],"wp:featuredmedia":[{"embeddable":true,"href":"https:\/\/www.werbungoutdoor.de\/index.php\/wp-json\/wp\/v2\/media\/124"}],"wp:attachment":[{"href":"https:\/\/www.werbungoutdoor.de\/index.php\/wp-json\/wp\/v2\/media?parent=123"}],"curies":[{"name":"wp","href":"https:\/\/api.w.org\/{rel}","templated":true}]}}