{"id":110,"date":"2025-03-16T14:22:26","date_gmt":"2025-03-16T13:22:26","guid":{"rendered":"https:\/\/www.werbungoutdoor.de\/?page_id=110"},"modified":"2025-03-16T14:22:26","modified_gmt":"2025-03-16T13:22:26","slug":"grosformatdruck-2","status":"publish","type":"page","link":"https:\/\/www.werbungoutdoor.de\/index.php\/grosformatdruck-2\/","title":{"rendered":"Gro\u00dfformatdruck"},"content":{"rendered":"\n<p>Wir bieten Ihnen eine einzigartige M\u00f6glichkeit, un\u00fcbersehbar zu sein. Gro\u00dfformatdruck l\u00e4sst Passanten nicht an Ihrer Werbung vorbeigehen, ohne sie wahrzunehmen. Wir gestalten und drucken Gro\u00dfformatplanen, Plakatw\u00e4nde und Aufkleber f\u00fcr den Au\u00dfen- und Innenbereich in beliebigen Formaten.<\/p>\n","protected":false},"excerpt":{"rendered":"<p>Wir bieten Ihnen eine einzigartige M\u00f6glichkeit, un\u00fcbersehbar zu sein. Gro\u00dfformatdruck l\u00e4sst Passanten nicht an Ihrer Werbung vorbeigehen, ohne sie wahrzunehmen. Wir gestalten und drucken Gro\u00dfformatplanen, Plakatw\u00e4nde und Aufkleber f\u00fcr den Au\u00dfen- und Innenbereich in beliebigen Formaten.<\/p>\n","protected":false},"author":1,"featured_media":104,"parent":0,"menu_order":0,"comment_status":"closed","ping_status":"closed","template":"","meta":{"footnotes":""},"class_list":["post-110","page","type-page","status-publish","has-post-thumbnail","hentry"],"_links":{"self":[{"href":"https:\/\/www.werbungoutdoor.de\/index.php\/wp-json\/wp\/v2\/pages\/110","targetHints":{"allow":["GET"]}}],"collection":[{"href":"https:\/\/www.werbungoutdoor.de\/index.php\/wp-json\/wp\/v2\/pages"}],"about":[{"href":"https:\/\/www.werbungoutdoor.de\/index.php\/wp-json\/wp\/v2\/types\/page"}],"author":[{"embeddable":true,"href":"https:\/\/www.werbungoutdoor.de\/index.php\/wp-json\/wp\/v2\/users\/1"}],"replies":[{"embeddable":true,"href":"https:\/\/www.werbungoutdoor.de\/index.php\/wp-json\/wp\/v2\/comments?post=110"}],"version-history":[{"count":1,"href":"https:\/\/www.werbungoutdoor.de\/index.php\/wp-json\/wp\/v2\/pages\/110\/revisions"}],"predecessor-version":[{"id":111,"href":"https:\/\/www.werbungoutdoor.de\/index.php\/wp-json\/wp\/v2\/pages\/110\/revisions\/111"}],"wp:featuredmedia":[{"embeddable":true,"href":"https:\/\/www.werbungoutdoor.de\/index.php\/wp-json\/wp\/v2\/media\/104"}],"wp:attachment":[{"href":"https:\/\/www.werbungoutdoor.de\/index.php\/wp-json\/wp\/v2\/media?parent=110"}],"curies":[{"name":"wp","href":"https:\/\/api.w.org\/{rel}","templated":true}]}}