{"id":106,"date":"2025-03-16T14:21:04","date_gmt":"2025-03-16T13:21:04","guid":{"rendered":"https:\/\/www.werbungoutdoor.de\/?page_id=106"},"modified":"2025-03-16T14:49:43","modified_gmt":"2025-03-16T13:49:43","slug":"grafikarbeiten","status":"publish","type":"page","link":"https:\/\/www.werbungoutdoor.de\/index.php\/grafikarbeiten\/","title":{"rendered":"Grafikarbeiten"},"content":{"rendered":"\n<p>Wir glauben, dass eine ansprechende visuelle Pr\u00e4sentation die Grundlage f\u00fcr einen guten ersten Eindruck ist \u2013 nicht nur im Gesch\u00e4ftsleben, sondern auch in anderen Bereichen unseres Lebens.<br>Deshalb k\u00fcmmern wir uns auch um Ihre Grafik. Unsere kreativen Designer und Grafiker sorgen daf\u00fcr, dass Ihre visuelle Pr\u00e4sentation einpr\u00e4gsam und interessant wird.<\/p>\n\n\n\n<div class=\"wp-block-columns is-layout-flex wp-container-core-columns-is-layout-28f84493 wp-block-columns-is-layout-flex\">\n<div class=\"wp-block-column is-layout-flow wp-block-column-is-layout-flow\">\n<figure class=\"wp-block-image size-full\"><img loading=\"lazy\" decoding=\"async\" width=\"387\" height=\"197\" src=\"https:\/\/www.werbungoutdoor.de\/wp-content\/uploads\/2025\/03\/009-02.webp\" alt=\"\" class=\"wp-image-139\" srcset=\"https:\/\/www.werbungoutdoor.de\/wp-content\/uploads\/2025\/03\/009-02.webp 387w, https:\/\/www.werbungoutdoor.de\/wp-content\/uploads\/2025\/03\/009-02-300x153.webp 300w\" sizes=\"auto, (max-width: 387px) 100vw, 387px\" \/><\/figure>\n<\/div>\n\n\n\n<div class=\"wp-block-column is-layout-flow wp-block-column-is-layout-flow\">\n<figure class=\"wp-block-image size-full\"><img loading=\"lazy\" decoding=\"async\" width=\"387\" height=\"197\" src=\"https:\/\/www.werbungoutdoor.de\/wp-content\/uploads\/2025\/03\/009-07.webp\" alt=\"\" class=\"wp-image-140\" srcset=\"https:\/\/www.werbungoutdoor.de\/wp-content\/uploads\/2025\/03\/009-07.webp 387w, https:\/\/www.werbungoutdoor.de\/wp-content\/uploads\/2025\/03\/009-07-300x153.webp 300w\" sizes=\"auto, (max-width: 387px) 100vw, 387px\" \/><\/figure>\n<\/div>\n\n\n\n<div class=\"wp-block-column is-layout-flow wp-block-column-is-layout-flow\">\n<figure class=\"wp-block-image size-full\"><img loading=\"lazy\" decoding=\"async\" width=\"387\" height=\"185\" src=\"https:\/\/www.werbungoutdoor.de\/wp-content\/uploads\/2025\/03\/009-09.webp\" alt=\"\" class=\"wp-image-142\" srcset=\"https:\/\/www.werbungoutdoor.de\/wp-content\/uploads\/2025\/03\/009-09.webp 387w, https:\/\/www.werbungoutdoor.de\/wp-content\/uploads\/2025\/03\/009-09-300x143.webp 300w\" sizes=\"auto, (max-width: 387px) 100vw, 387px\" \/><\/figure>\n<\/div>\n<\/div>\n\n\n\n<div class=\"wp-block-columns is-layout-flex wp-container-core-columns-is-layout-28f84493 wp-block-columns-is-layout-flex\">\n<div class=\"wp-block-column is-layout-flow wp-block-column-is-layout-flow\">\n<figure class=\"wp-block-image size-full\"><img loading=\"lazy\" decoding=\"async\" width=\"387\" height=\"286\" src=\"https:\/\/www.werbungoutdoor.de\/wp-content\/uploads\/2025\/03\/009-10.webp\" alt=\"\" class=\"wp-image-143\" srcset=\"https:\/\/www.werbungoutdoor.de\/wp-content\/uploads\/2025\/03\/009-10.webp 387w, https:\/\/www.werbungoutdoor.de\/wp-content\/uploads\/2025\/03\/009-10-300x222.webp 300w\" sizes=\"auto, (max-width: 387px) 100vw, 387px\" \/><\/figure>\n<\/div>\n\n\n\n<div class=\"wp-block-column is-layout-flow wp-block-column-is-layout-flow\">\n<figure class=\"wp-block-image size-full\"><img loading=\"lazy\" decoding=\"async\" width=\"387\" height=\"197\" src=\"https:\/\/www.werbungoutdoor.de\/wp-content\/uploads\/2025\/03\/009-13.webp\" alt=\"\" class=\"wp-image-144\" srcset=\"https:\/\/www.werbungoutdoor.de\/wp-content\/uploads\/2025\/03\/009-13.webp 387w, https:\/\/www.werbungoutdoor.de\/wp-content\/uploads\/2025\/03\/009-13-300x153.webp 300w\" sizes=\"auto, (max-width: 387px) 100vw, 387px\" \/><\/figure>\n<\/div>\n\n\n\n<div class=\"wp-block-column is-layout-flow wp-block-column-is-layout-flow\">\n<figure class=\"wp-block-image size-full\"><img loading=\"lazy\" decoding=\"async\" width=\"387\" height=\"286\" src=\"https:\/\/www.werbungoutdoor.de\/wp-content\/uploads\/2025\/03\/009-06.webp\" alt=\"\" class=\"wp-image-145\" srcset=\"https:\/\/www.werbungoutdoor.de\/wp-content\/uploads\/2025\/03\/009-06.webp 387w, https:\/\/www.werbungoutdoor.de\/wp-content\/uploads\/2025\/03\/009-06-300x222.webp 300w\" sizes=\"auto, (max-width: 387px) 100vw, 387px\" \/><\/figure>\n<\/div>\n<\/div>\n","protected":false},"excerpt":{"rendered":"<p>Wir glauben, dass eine ansprechende visuelle Pr\u00e4sentation die Grundlage f\u00fcr einen guten ersten Eindruck ist \u2013 nicht nur im Gesch\u00e4ftsleben, sondern auch in anderen Bereichen unseres Lebens.Deshalb k\u00fcmmern wir uns auch um Ihre Grafik. Unsere kreativen Designer und Grafiker sorgen daf\u00fcr, dass Ihre visuelle Pr\u00e4sentation einpr\u00e4gsam und interessant wird.<\/p>\n","protected":false},"author":1,"featured_media":102,"parent":0,"menu_order":0,"comment_status":"closed","ping_status":"closed","template":"","meta":{"footnotes":""},"class_list":["post-106","page","type-page","status-publish","has-post-thumbnail","hentry"],"_links":{"self":[{"href":"https:\/\/www.werbungoutdoor.de\/index.php\/wp-json\/wp\/v2\/pages\/106","targetHints":{"allow":["GET"]}}],"collection":[{"href":"https:\/\/www.werbungoutdoor.de\/index.php\/wp-json\/wp\/v2\/pages"}],"about":[{"href":"https:\/\/www.werbungoutdoor.de\/index.php\/wp-json\/wp\/v2\/types\/page"}],"author":[{"embeddable":true,"href":"https:\/\/www.werbungoutdoor.de\/index.php\/wp-json\/wp\/v2\/users\/1"}],"replies":[{"embeddable":true,"href":"https:\/\/www.werbungoutdoor.de\/index.php\/wp-json\/wp\/v2\/comments?post=106"}],"version-history":[{"count":3,"href":"https:\/\/www.werbungoutdoor.de\/index.php\/wp-json\/wp\/v2\/pages\/106\/revisions"}],"predecessor-version":[{"id":146,"href":"https:\/\/www.werbungoutdoor.de\/index.php\/wp-json\/wp\/v2\/pages\/106\/revisions\/146"}],"wp:featuredmedia":[{"embeddable":true,"href":"https:\/\/www.werbungoutdoor.de\/index.php\/wp-json\/wp\/v2\/media\/102"}],"wp:attachment":[{"href":"https:\/\/www.werbungoutdoor.de\/index.php\/wp-json\/wp\/v2\/media?parent=106"}],"curies":[{"name":"wp","href":"https:\/\/api.w.org\/{rel}","templated":true}]}}